{"id":4778,"date":"2021-10-21T15:55:11","date_gmt":"2021-10-21T13:55:11","guid":{"rendered":"https:\/\/www.akita-nishi-no-mori.de\/wordpress\/?page_id=4778"},"modified":"2021-10-21T16:30:45","modified_gmt":"2021-10-21T14:30:45","slug":"lobas-rettung-vor-dem-absturz","status":"publish","type":"page","link":"https:\/\/www.akita-nishi-no-mori.de\/wordpress\/lobas-rettung-vor-dem-absturz\/","title":{"rendered":"Loba&#8217;s Rettung vor dem Absturz"},"content":{"rendered":"\n<style type=\"text\/css\" data-created_by=\"avia_inline_auto\" id=\"style-css-av-kv10aspk-853806ddc9fbdb8afa7292531d8ccf43\">\n#top .av_textblock_section.av-kv10aspk-853806ddc9fbdb8afa7292531d8ccf43 .avia_textblock{\nfont-size:22px;\ncolor:#7c3255;\n}\n<\/style>\n<section  class='av_textblock_section av-kv10aspk-853806ddc9fbdb8afa7292531d8ccf43'  itemscope=\"itemscope\" itemtype=\"https:\/\/schema.org\/CreativeWork\" ><div class='avia_textblock av_inherit_color'  itemprop=\"text\" ><p style=\"text-align: center;\"><strong>Loba&#8217;s Rettung vor dem Absturz<\/strong><\/p>\n<\/div><\/section>\n<div  class='hr av-av_hr-91d7ccd583a503147498e120fee2ff9b hr-default  avia-builder-el-1  el_after_av_textblock  el_before_av_textblock '><span class='hr-inner '><span class=\"hr-inner-style\"><\/span><\/span><\/div>\n\n<style type=\"text\/css\" data-created_by=\"avia_inline_auto\" id=\"style-css-av-kv10tty0-82f982076abc6891deb5c32583fcc03e\">\n#top .av_textblock_section.av-kv10tty0-82f982076abc6891deb5c32583fcc03e .avia_textblock{\nfont-size:14px;\n}\n<\/style>\n<section  class='av_textblock_section av-kv10tty0-82f982076abc6891deb5c32583fcc03e'  itemscope=\"itemscope\" itemtype=\"https:\/\/schema.org\/CreativeWork\" ><div class='avia_textblock av_inherit_color'  itemprop=\"text\" ><p><strong>Wir waren letzten Winter f\u00fcr eine Woche in Bad Bayersoien. Die ersten beiden Tage waren entt\u00e4uschend, denn es taute. Aber dann, am 3. Tag, fing es an zu schneien. Es schneite und schneite und schneite &#8211; es fiel jede Menge Schnee. Die R\u00e4umfahrzeuge waren st\u00e4ndig unterwegs und selbst die Wanderwege wurden ger\u00e4umt, da sonst ein Spaziergang unm\u00f6glich gewesen w\u00e4re.<\/strong><\/p>\n<p><strong>Wir hatten uns die Wanderung von Oberammergau nach Ettal und zur\u00fcck vorgenommen. Die Streckenl\u00e4nge betrug ca 10 km und auf der H\u00e4lfte der Strecke konnten wir in der Ettaler M\u00fchle einkehren, uns aufw\u00e4rmen und uns st\u00e4rken.<\/strong><\/p>\n<p><strong>Das erste Teilst\u00fcck f\u00fchrte an der Ammer entlang, danach kurz an der Stra\u00dfe und dann durch ein wildromantrisches Naturschutzgebiet mit naturbelassenen B\u00e4chen. Das ist was f\u00fcr unser M\u00e4del Loba. Sie liebt B\u00e4che, Gr\u00e4ben und Fl\u00fcsse &#8211; Wasser findet sie toll, wobei sie aber nur bis zum Bauch reingeht.<\/strong><\/p>\n<\/div><\/section>\n<div class='flex_column av-av_one_half-d846867a37b468541bc8830743d44203 av_one_half  avia-builder-el-3  el_after_av_textblock  el_before_av_one_half  first flex_column_div column-top-margin'     ><style type=\"text\/css\" data-created_by=\"avia_inline_auto\" id=\"style-css-av-av_image-b46e375aed4cf136d6de66d0c500b80c\">\n.avia-image-container.av-av_image-b46e375aed4cf136d6de66d0c500b80c img.avia_image{\nbox-shadow:none;\n}\n.avia-image-container.av-av_image-b46e375aed4cf136d6de66d0c500b80c .av-image-caption-overlay-center{\ncolor:#ffffff;\n}\n<\/style>\n<div  class='avia-image-container av-av_image-b46e375aed4cf136d6de66d0c500b80c av-styling- avia-align-center  avia-builder-el-4  avia-builder-el-no-sibling '   itemprop=\"image\" itemscope=\"itemscope\" itemtype=\"https:\/\/schema.org\/ImageObject\" ><div class=\"avia-image-container-inner\"><div class=\"avia-image-overlay-wrap\"><img decoding=\"async\" class='wp-image- avia-img-lazy-loading-not- avia_image ' src=\"https:\/\/www.akita-nishi-no-mori.de\/wordpress\/wp-content\/themes\/enfold\/config-templatebuilder\/avia-template-builder\/images\/placeholder.jpg\" alt='' title=''   itemprop=\"thumbnailUrl\"  \/><\/div><\/div><\/div><\/div><div class='flex_column av-av_one_half-337486787960716147ecfb4074cb91c6 av_one_half  avia-builder-el-5  el_after_av_one_half  el_before_av_one_full  flex_column_div column-top-margin'     ><style type=\"text\/css\" data-created_by=\"avia_inline_auto\" id=\"style-css-av-av_image-b46e375aed4cf136d6de66d0c500b80c\">\n.avia-image-container.av-av_image-b46e375aed4cf136d6de66d0c500b80c img.avia_image{\nbox-shadow:none;\n}\n.avia-image-container.av-av_image-b46e375aed4cf136d6de66d0c500b80c .av-image-caption-overlay-center{\ncolor:#ffffff;\n}\n<\/style>\n<div  class='avia-image-container av-av_image-b46e375aed4cf136d6de66d0c500b80c av-styling- avia-align-center  avia-builder-el-6  avia-builder-el-no-sibling '   itemprop=\"image\" itemscope=\"itemscope\" itemtype=\"https:\/\/schema.org\/ImageObject\" ><div class=\"avia-image-container-inner\"><div class=\"avia-image-overlay-wrap\"><img decoding=\"async\" class='wp-image- avia-img-lazy-loading-not- avia_image ' src=\"https:\/\/www.akita-nishi-no-mori.de\/wordpress\/wp-content\/themes\/enfold\/config-templatebuilder\/avia-template-builder\/images\/placeholder.jpg\" alt='' title=''   itemprop=\"thumbnailUrl\"  \/><\/div><\/div><\/div><\/div><div class='flex_column av-av_one_full-d846867a37b468541bc8830743d44203 av_one_full  avia-builder-el-7  el_after_av_one_half  el_before_av_one_half  first flex_column_div column-top-margin'     ><style type=\"text\/css\" data-created_by=\"avia_inline_auto\" id=\"style-css-av-kv1112ei-1ada7de940118ca6d14c80fb7c927ccc\">\n#top .av_textblock_section.av-kv1112ei-1ada7de940118ca6d14c80fb7c927ccc .avia_textblock{\nfont-size:14px;\ncolor:#000000;\n}\n<\/style>\n<section  class='av_textblock_section av-kv1112ei-1ada7de940118ca6d14c80fb7c927ccc'  itemscope=\"itemscope\" itemtype=\"https:\/\/schema.org\/CreativeWork\" ><div class='avia_textblock av_inherit_color'  itemprop=\"text\" ><p><strong>So wanderten wir durch eine Bilderbuchlandschaft, gef\u00fchrt durch eine Weg der rechts und links durch den Schneepflug \u00fcber einen Meter Schnee als Begrenzung hatte. Die Hundis liefen frei, nur zu sehen war durch die Schneewand nicht viel f\u00fcr sie. Also sprang Loba immer wieder mit den Vorderbeinen hoch um zu sehen was sich hinter der Schneewand befindet. Viel lieber w\u00e4re sie nat\u00fcrlich, wie im Sommer, am Ufer dieser B\u00e4che entlanggelaufen um dort alles ausgiebigst auszukundschaften.<\/strong><\/p>\n<p><strong>An dem etwas breiteren Bach der zur Ettaler M\u00fchle f\u00fchrt, fand die gl\u00fccklicherweise dann doch eine Stelle an der die Schneewand nicht ganz so hoch war und sie sich zum Ufer des Baches vortasten konnte. Ein kleine St\u00fcck lie\u00df ich sie gew\u00e4hren, als sie dann aber doch dem Bach zu nah kam, rief ich sie zur\u00fcck. Ihre Neugier war allerdings so gro\u00df und Frauchen war bestimmt wieder \u00fcber\u00e4ngstlich&#8230;&#8230;. Kurz und gut, sie meinte sich weiter vortasten zu m\u00fcssen, denn \u00fcbersehen wollte sie ja auch nichts.<\/strong><\/p>\n<\/div><\/section><\/div><div class='flex_column av-av_one_half-d846867a37b468541bc8830743d44203 av_one_half  avia-builder-el-9  el_after_av_one_full  el_before_av_one_half  first flex_column_div column-top-margin'     ><style type=\"text\/css\" data-created_by=\"avia_inline_auto\" id=\"style-css-av-av_image-b46e375aed4cf136d6de66d0c500b80c\">\n.avia-image-container.av-av_image-b46e375aed4cf136d6de66d0c500b80c img.avia_image{\nbox-shadow:none;\n}\n.avia-image-container.av-av_image-b46e375aed4cf136d6de66d0c500b80c .av-image-caption-overlay-center{\ncolor:#ffffff;\n}\n<\/style>\n<div  class='avia-image-container av-av_image-b46e375aed4cf136d6de66d0c500b80c av-styling- avia-align-center  avia-builder-el-10  avia-builder-el-no-sibling '   itemprop=\"image\" itemscope=\"itemscope\" itemtype=\"https:\/\/schema.org\/ImageObject\" ><div class=\"avia-image-container-inner\"><div class=\"avia-image-overlay-wrap\"><img decoding=\"async\" class='wp-image- avia-img-lazy-loading-not- avia_image ' src=\"https:\/\/www.akita-nishi-no-mori.de\/wordpress\/wp-content\/themes\/enfold\/config-templatebuilder\/avia-template-builder\/images\/placeholder.jpg\" alt='' title=''   itemprop=\"thumbnailUrl\"  \/><\/div><\/div><\/div><\/div><div class='flex_column av-av_one_half-337486787960716147ecfb4074cb91c6 av_one_half  avia-builder-el-11  el_after_av_one_half  el_before_av_one_full  flex_column_div column-top-margin'     ><style type=\"text\/css\" data-created_by=\"avia_inline_auto\" id=\"style-css-av-av_image-b46e375aed4cf136d6de66d0c500b80c\">\n.avia-image-container.av-av_image-b46e375aed4cf136d6de66d0c500b80c img.avia_image{\nbox-shadow:none;\n}\n.avia-image-container.av-av_image-b46e375aed4cf136d6de66d0c500b80c .av-image-caption-overlay-center{\ncolor:#ffffff;\n}\n<\/style>\n<div  class='avia-image-container av-av_image-b46e375aed4cf136d6de66d0c500b80c av-styling- avia-align-center  avia-builder-el-12  avia-builder-el-no-sibling '   itemprop=\"image\" itemscope=\"itemscope\" itemtype=\"https:\/\/schema.org\/ImageObject\" ><div class=\"avia-image-container-inner\"><div class=\"avia-image-overlay-wrap\"><img decoding=\"async\" class='wp-image- avia-img-lazy-loading-not- avia_image ' src=\"https:\/\/www.akita-nishi-no-mori.de\/wordpress\/wp-content\/themes\/enfold\/config-templatebuilder\/avia-template-builder\/images\/placeholder.jpg\" alt='' title=''   itemprop=\"thumbnailUrl\"  \/><\/div><\/div><\/div><\/div><div class='flex_column av-av_one_full-d846867a37b468541bc8830743d44203 av_one_full  avia-builder-el-13  el_after_av_one_half  avia-builder-el-last  first flex_column_div column-top-margin'     ><p>\n<style type=\"text\/css\" data-created_by=\"avia_inline_auto\" id=\"style-css-av-kv118psj-2bdecf5e57f907fde912c20918f0e97f\">\n#top .av_textblock_section.av-kv118psj-2bdecf5e57f907fde912c20918f0e97f .avia_textblock{\nfont-size:14px;\ncolor:#000000;\n}\n<\/style>\n<section  class='av_textblock_section av-kv118psj-2bdecf5e57f907fde912c20918f0e97f'  itemscope=\"itemscope\" itemtype=\"https:\/\/schema.org\/CreativeWork\" ><div class='avia_textblock av_inherit_color'  itemprop=\"text\" ><p><strong>Frauchen zu \u00fcber\u00e4ngstlich ? Nein !! Pl\u00f6tzlich machte es &#8222;wusch&#8220;, ihre Beine sackten weg und baumelten kurz \u00fcber der Wasseroberfl\u00e4che. Der Schnee auf dem sie stand hatte nur \u00c4ste als Unterbau und diese \u00c4ste langen dicht \u00fcber der Wasseroberfl\u00e4che. Als Loba auf den \u00c4sten stand, brach sie ein und sackte durch. Ihr K\u00f6rper wurde nur von den \u00c4sten gehalten &#8211; aber wie lange noch ??<\/strong><\/p>\n<p><strong>Alleine konnte sie sich nicht befreien, also musste ich ihr helfen. Den Blick den sie mir zuwarf werde ich nie vergessen &#8222;Frauchen, hilf mir&#8220; !! Also tastete ich mich mit dem rechten Bein zu den \u00c4sten herunter, aber sie gaben nach und die Spitzen von Loba&#8217;s Pfoten tauchten ins Wasser ein so dass ich inst\u00e4ndig hoffte, dass die \u00c4ste nicht unter ihrem Gewicht zerbrachen. Das konnten wir also vergessen. Und so kam auch noch Detlef zu Einsatz. Wir hielten uns an den Handgelenken fest und ich schwebte, nur auf einem Bein stehend \u00fcber dem Bach. Dann erreichte ich gl\u00fccklicherweise mit der rechten Hand das Geschirr von Loba und konnte zupacken. So zogen wir Beide, Detlef an mir und ich an Loba, bis sich ihre Beine aus dem Wirrwarr von \u00c4sten l\u00f6sten und wir sie rausziehen konnten. Loba machte dabei eine bessere Figur als ich !! Egal, Hauptsache unser M\u00e4del wurde vor dem Absturz in das eiskalte Wasser gerettet !!<\/strong><\/p>\n<p>(Das hier keine Bilder vorhanden sind, versteht sich von selbst&#8230;)<\/p>\n<p><strong>Haikan lag die gesamte Zeit auf dem Weg und sah uns gelangweilt zu &#8211; freute sich aber als Loba freudestrahlend auf ihn zulief und ihr begr\u00fc\u00dfte &#8211; so als h\u00e4tte sie ihn seit ewigen Zeiten nicht gesehen. Wahrscheinlich war sie heilfroh, dass sie wieder Boden unter den F\u00fc\u00dfen hatte.<\/strong><\/p>\n<\/div><\/section><br \/>\n\n<style type=\"text\/css\" data-created_by=\"avia_inline_auto\" id=\"style-css-av-av_image-b46e375aed4cf136d6de66d0c500b80c\">\n.avia-image-container.av-av_image-b46e375aed4cf136d6de66d0c500b80c img.avia_image{\nbox-shadow:none;\n}\n.avia-image-container.av-av_image-b46e375aed4cf136d6de66d0c500b80c .av-image-caption-overlay-center{\ncolor:#ffffff;\n}\n<\/style>\n<div  class='avia-image-container av-av_image-b46e375aed4cf136d6de66d0c500b80c av-styling- avia-align-center  avia-builder-el-15  el_after_av_textblock  avia-builder-el-last '   itemprop=\"image\" itemscope=\"itemscope\" itemtype=\"https:\/\/schema.org\/ImageObject\" ><div class=\"avia-image-container-inner\"><div class=\"avia-image-overlay-wrap\"><img decoding=\"async\" class='wp-image- avia-img-lazy-loading-not- avia_image ' src=\"https:\/\/www.akita-nishi-no-mori.de\/wordpress\/wp-content\/themes\/enfold\/config-templatebuilder\/avia-template-builder\/images\/placeholder.jpg\" alt='' title=''   itemprop=\"thumbnailUrl\"  \/><\/div><\/div><\/div><\/p><\/div><\/p>\n","protected":false},"excerpt":{"rendered":"","protected":false},"author":1,"featured_media":0,"parent":0,"menu_order":0,"comment_status":"closed","ping_status":"closed","template":"","meta":[],"yoast_head":"<!-- This site is optimized with the Yoast SEO plugin v20.0 - https:\/\/yoast.com\/wordpress\/plugins\/seo\/ -->\n<title>Loba&#039;s Rettung vor dem Absturz - Akita Nishi No Mori<\/title>\n<meta name=\"robots\" content=\"index, follow, max-snippet:-1, max-image-preview:large, max-video-preview:-1\" \/>\n<link rel=\"canonical\" href=\"https:\/\/www.akita-nishi-no-mori.de\/wordpress\/lobas-rettung-vor-dem-absturz\/\" \/>\n<meta property=\"og:locale\" content=\"de_DE\" \/>\n<meta property=\"og:type\" content=\"article\" \/>\n<meta property=\"og:title\" content=\"Loba&#039;s Rettung vor dem Absturz - Akita Nishi No Mori\" \/>\n<meta property=\"og:url\" content=\"https:\/\/www.akita-nishi-no-mori.de\/wordpress\/lobas-rettung-vor-dem-absturz\/\" \/>\n<meta property=\"og:site_name\" content=\"Akita Nishi No Mori\" \/>\n<meta property=\"article:modified_time\" content=\"2021-10-21T14:30:45+00:00\" \/>\n<meta name=\"twitter:card\" content=\"summary_large_image\" \/>\n<meta name=\"twitter:label1\" content=\"Gesch\u00e4tzte Lesezeit\" \/>\n\t<meta name=\"twitter:data1\" content=\"6\u00a0Minuten\" \/>\n<script type=\"application\/ld+json\" class=\"yoast-schema-graph\">{\"@context\":\"https:\/\/schema.org\",\"@graph\":[{\"@type\":\"WebPage\",\"@id\":\"https:\/\/www.akita-nishi-no-mori.de\/wordpress\/lobas-rettung-vor-dem-absturz\/\",\"url\":\"https:\/\/www.akita-nishi-no-mori.de\/wordpress\/lobas-rettung-vor-dem-absturz\/\",\"name\":\"Loba's Rettung vor dem Absturz - Akita Nishi No Mori\",\"isPartOf\":{\"@id\":\"https:\/\/www.akita-nishi-no-mori.de\/wordpress\/#website\"},\"datePublished\":\"2021-10-21T13:55:11+00:00\",\"dateModified\":\"2021-10-21T14:30:45+00:00\",\"breadcrumb\":{\"@id\":\"https:\/\/www.akita-nishi-no-mori.de\/wordpress\/lobas-rettung-vor-dem-absturz\/#breadcrumb\"},\"inLanguage\":\"de\",\"potentialAction\":[{\"@type\":\"ReadAction\",\"target\":[\"https:\/\/www.akita-nishi-no-mori.de\/wordpress\/lobas-rettung-vor-dem-absturz\/\"]}]},{\"@type\":\"BreadcrumbList\",\"@id\":\"https:\/\/www.akita-nishi-no-mori.de\/wordpress\/lobas-rettung-vor-dem-absturz\/#breadcrumb\",\"itemListElement\":[{\"@type\":\"ListItem\",\"position\":1,\"name\":\"Startseite\",\"item\":\"https:\/\/www.akita-nishi-no-mori.de\/wordpress\/transparent-header\/\"},{\"@type\":\"ListItem\",\"position\":2,\"name\":\"Loba&#8217;s Rettung vor dem Absturz\"}]},{\"@type\":\"WebSite\",\"@id\":\"https:\/\/www.akita-nishi-no-mori.de\/wordpress\/#website\",\"url\":\"https:\/\/www.akita-nishi-no-mori.de\/wordpress\/\",\"name\":\"Akita Nishi No Mori\",\"description\":\"Akita aus dem Westerwald\",\"potentialAction\":[{\"@type\":\"SearchAction\",\"target\":{\"@type\":\"EntryPoint\",\"urlTemplate\":\"https:\/\/www.akita-nishi-no-mori.de\/wordpress\/?s={search_term_string}\"},\"query-input\":\"required name=search_term_string\"}],\"inLanguage\":\"de\"}]}<\/script>\n<!-- \/ Yoast SEO plugin. -->","yoast_head_json":{"title":"Loba's Rettung vor dem Absturz - Akita Nishi No Mori","robots":{"index":"index","follow":"follow","max-snippet":"max-snippet:-1","max-image-preview":"max-image-preview:large","max-video-preview":"max-video-preview:-1"},"canonical":"https:\/\/www.akita-nishi-no-mori.de\/wordpress\/lobas-rettung-vor-dem-absturz\/","og_locale":"de_DE","og_type":"article","og_title":"Loba's Rettung vor dem Absturz - Akita Nishi No Mori","og_url":"https:\/\/www.akita-nishi-no-mori.de\/wordpress\/lobas-rettung-vor-dem-absturz\/","og_site_name":"Akita Nishi No Mori","article_modified_time":"2021-10-21T14:30:45+00:00","twitter_card":"summary_large_image","twitter_misc":{"Gesch\u00e4tzte Lesezeit":"6\u00a0Minuten"},"schema":{"@context":"https:\/\/schema.org","@graph":[{"@type":"WebPage","@id":"https:\/\/www.akita-nishi-no-mori.de\/wordpress\/lobas-rettung-vor-dem-absturz\/","url":"https:\/\/www.akita-nishi-no-mori.de\/wordpress\/lobas-rettung-vor-dem-absturz\/","name":"Loba's Rettung vor dem Absturz - Akita Nishi No Mori","isPartOf":{"@id":"https:\/\/www.akita-nishi-no-mori.de\/wordpress\/#website"},"datePublished":"2021-10-21T13:55:11+00:00","dateModified":"2021-10-21T14:30:45+00:00","breadcrumb":{"@id":"https:\/\/www.akita-nishi-no-mori.de\/wordpress\/lobas-rettung-vor-dem-absturz\/#breadcrumb"},"inLanguage":"de","potentialAction":[{"@type":"ReadAction","target":["https:\/\/www.akita-nishi-no-mori.de\/wordpress\/lobas-rettung-vor-dem-absturz\/"]}]},{"@type":"BreadcrumbList","@id":"https:\/\/www.akita-nishi-no-mori.de\/wordpress\/lobas-rettung-vor-dem-absturz\/#breadcrumb","itemListElement":[{"@type":"ListItem","position":1,"name":"Startseite","item":"https:\/\/www.akita-nishi-no-mori.de\/wordpress\/transparent-header\/"},{"@type":"ListItem","position":2,"name":"Loba&#8217;s Rettung vor dem Absturz"}]},{"@type":"WebSite","@id":"https:\/\/www.akita-nishi-no-mori.de\/wordpress\/#website","url":"https:\/\/www.akita-nishi-no-mori.de\/wordpress\/","name":"Akita Nishi No Mori","description":"Akita aus dem Westerwald","potentialAction":[{"@type":"SearchAction","target":{"@type":"EntryPoint","urlTemplate":"https:\/\/www.akita-nishi-no-mori.de\/wordpress\/?s={search_term_string}"},"query-input":"required name=search_term_string"}],"inLanguage":"de"}]}},"_links":{"self":[{"href":"https:\/\/www.akita-nishi-no-mori.de\/wordpress\/wp-json\/wp\/v2\/pages\/4778"}],"collection":[{"href":"https:\/\/www.akita-nishi-no-mori.de\/wordpress\/wp-json\/wp\/v2\/pages"}],"about":[{"href":"https:\/\/www.akita-nishi-no-mori.de\/wordpress\/wp-json\/wp\/v2\/types\/page"}],"author":[{"embeddable":true,"href":"https:\/\/www.akita-nishi-no-mori.de\/wordpress\/wp-json\/wp\/v2\/users\/1"}],"replies":[{"embeddable":true,"href":"https:\/\/www.akita-nishi-no-mori.de\/wordpress\/wp-json\/wp\/v2\/comments?post=4778"}],"version-history":[{"count":6,"href":"https:\/\/www.akita-nishi-no-mori.de\/wordpress\/wp-json\/wp\/v2\/pages\/4778\/revisions"}],"predecessor-version":[{"id":4790,"href":"https:\/\/www.akita-nishi-no-mori.de\/wordpress\/wp-json\/wp\/v2\/pages\/4778\/revisions\/4790"}],"wp:attachment":[{"href":"https:\/\/www.akita-nishi-no-mori.de\/wordpress\/wp-json\/wp\/v2\/media?parent=4778"}],"curies":[{"name":"wp","href":"https:\/\/api.w.org\/{rel}","templated":true}]}}