{"id":4757,"date":"2021-10-21T14:45:34","date_gmt":"2021-10-21T12:45:34","guid":{"rendered":"https:\/\/www.akita-nishi-no-mori.de\/wordpress\/?page_id=4757"},"modified":"2021-10-21T16:08:28","modified_gmt":"2021-10-21T14:08:28","slug":"haikans-versteckspiel","status":"publish","type":"page","link":"https:\/\/www.akita-nishi-no-mori.de\/wordpress\/haikans-versteckspiel\/","title":{"rendered":"Haikan&#8217;s Versteckspiel"},"content":{"rendered":"<div class='flex_column av-1w5dkl-c3898264066c6cd59240efee39522c5d av_one_full  avia-builder-el-0  el_before_av_textblock  avia-builder-el-first  first flex_column_div '     ><style type=\"text\/css\" data-created_by=\"avia_inline_auto\" id=\"style-css-av-kv0y13kw-cb83cb6331767aa72fa0706e23591816\">\n#top .av_textblock_section.av-kv0y13kw-cb83cb6331767aa72fa0706e23591816 .avia_textblock{\nfont-size:22px;\ncolor:#7c3255;\n}\n<\/style>\n<section  class='av_textblock_section av-kv0y13kw-cb83cb6331767aa72fa0706e23591816'  itemscope=\"itemscope\" itemtype=\"https:\/\/schema.org\/CreativeWork\" ><div class='avia_textblock av_inherit_color'  itemprop=\"text\" ><p style=\"text-align: center;\"><strong>Haikan&#8217;s<\/strong><strong> Versteckspiel mit dem Knochen<\/strong><\/p>\n<\/div><\/section><br \/>\n<div  class='hr av-2lcnlx-ae507f5b4c789ae41ca91a5b0b0dfdd3 hr-default  avia-builder-el-2  el_after_av_textblock  avia-builder-el-last '><span class='hr-inner '><span class=\"hr-inner-style\"><\/span><\/span><\/div><\/p><\/div>\n\n<style type=\"text\/css\" data-created_by=\"avia_inline_auto\" id=\"style-css-av-36oehx-4a818736d66c1357aef5657cfc760baa\">\n#top .av_textblock_section.av-36oehx-4a818736d66c1357aef5657cfc760baa .avia_textblock{\nfont-size:14px;\ncolor:#000000;\n}\n<\/style>\n<section  class='av_textblock_section av-36oehx-4a818736d66c1357aef5657cfc760baa'  itemscope=\"itemscope\" itemtype=\"https:\/\/schema.org\/CreativeWork\" ><div class='avia_textblock av_inherit_color'  itemprop=\"text\" ><p><strong>Als wir Anfang Februar unser Wohn-\/Esszimmer renovierten und gerade die Decke des Wohnzimmers tapezierten, konnte ich unsere Hunde sehr gut im Garten beobachten, da ich unserem Freund der Tapezierte, nur die Tapete anhielt.<\/strong><\/p>\n<p><strong>An diesem Morgen bekamen beide Hunde einen rohen, fleischigen Putenhals. Der Garten war mit einer 10 cm hohen Schneedecke \u00fcberzogen und so legte sich Loba an eine gesch\u00fctzte Stelle ohne Schnee unter die Tanne und nagte gen\u00fcsslich an ihrem Knochen. Haikan dagegen legte den Knochen in einer Entfernung von ungef\u00e4hr 10 m mitten im Garten auf dem Schnee ab, hatte aber keine Lust ihn zu fressen &#8211; also bewachte er ihn. Kein Problem, solange Loba noch besch\u00e4ftigt war. Als sie ihr vorz\u00fcgliches Mahr beendet hatte, stand sie auf und ging in Richtung Haikan&#8217;s Putenhals. Da Haikan in einiger Entfernung lag, schoss er sofort auf und stellte sich quer vor den Knochen. Loba machte es sich sofort im Schnee gem\u00fctlich und schaute ins Tal runter. Haikan legte sich neben seinen !! Putenhals. Schaute Loba, ohne aufzustehen, auch nur in Richtung des Putenhalses, sprang Haikan sofort auf und stellte sich wieder quer davor. Das ging \u00fcber eine Stunde so.<\/strong><\/p>\n<p><strong>Irgendwie musste er sich die ganze Zeit \u00fcberlegt haben, wie er den Putenhals besser sch\u00fctzen k\u00f6nne. Dann kam ihm eine Idee !! Er schob mit seiner Nase Schnee dar\u00fcber. Es ewar einfach g\u00f6ttlich &#8211; er schob den Schnee \u00fcber den Putenhals, dann dr\u00fcckte er ihn mit der Nase fest, schob wieder Schnee dr\u00fcber und dr\u00fcckte diesen wieder fest &#8211; bis ein etwa 25 &#8211; 30 cm hoher Schneeh\u00fcgel entstanden war. So war sein Putenhals etwas besser gesch\u00fctzt und er konnte sich in ruhe in einiger Entfernung hinlegen. Wenn Loba jetzt in Richtung des Putenhalses schaute &#8211; er hatte seine Ruhe gefunden &#8211; oder etwa doch nicht ?!?!?!?<\/strong><\/p>\n<p><strong>Wenn man so im Garten liegt, muss man auch diverse Hunde und Leute die im Feld unten in einiger Entfernung spazieren gehen verbellen. Loba ist da ganz gro\u00df drin. Gesagt, getan &#8211; Loba sieht jemanden, springt auf, l\u00e4uft unten an den Zaun und bellt &#8211; Haikan will sich das Ganze nicht entgehen lassen und l\u00e4uft auch hin. Aber er hatte in diesem Moment nicht bedacht, dass jemand seinen Knochen h\u00e4tte stehlen k\u00f6nnen &#8211; es fiel im aber gerade noch rechtzeitig ein und er musste sofort nachsehen. Also lief er zum Schneeh\u00fcgel, kratzte mit seiner Pfote den Schnee soweit weg, bis er den Putenhals wieder sah &#8211; war beruhigt das er noch da war, schob ihn mit der Nase wieder zu und verfestigte den Schnee durch festes Andr\u00fccken mit der Nase. Danach legte er sich in einiger Entfernung wieder hin. Da Loba, unsere Krawallschachtel, \u00f6fter jemanden verbellt, hatte Haikan jede Menge zu tun, denn er lief bestimmt 4 &#8211; 5 mal hinter Loba her und musste danach gleich wieder schauen ob der Putenhals auch noch da ist.<\/strong><\/p>\n<p><strong>Dann endlich &#8211; Loba kam hoch aud die Terrasse. Somit war die Gefahr gebannt und er konnte auch hoch auf die Terrasse. Hier hatte er aber ein wirklich gro\u00dfes Problem &#8211; er sah den Knochen nicht mehr !! Wollte aber auch nicht alleine im Garten bleiben. Also was tut ein schlauer Hund, (man sah ihm regelrecht seine \u00dcberlegung an) er ging in aller Seelenruhe zu dem Schneeh\u00fcgel, grub mit seiner Pfote den Knochen aus, packte ihn in die Schnauze und legte ihn etwa 3 m weiter in Richtung Hecke, einem Platz der auch von der Terrasse aus sichtbar war. The same procedure: Ablegen des Putenhalses, zuschieben mit Schnee und verdichten mit der Nase. Auch dieser H\u00fcgel erreichte die H\u00f6he von ca 30 cm. Nach getaner Arbeit (mittlerweile waren in etwa 4 Stunden vergangen) legte er sich gen\u00fcsslich auf die Terrasse und wollte ruhen &#8211; aber auch jetzt wieder; weit gefehlt !!<\/strong><\/p>\n<p><strong>Er hatte nicht mit den Spatzen gerechnet, die gerade an dieser Stelle auf der Hecke sa\u00dfen und laut zwitscherten. Also war wieder nichts mit ausruhen. Alle paar Minuten schoss er von der Terrasse \u00fcber die Treppe in Richtung seines H\u00fcgelgrabes um die Spatzen die auf dem Boden sa\u00dfen zu verscheuchen.<\/strong><\/p>\n<p><strong>Es muss so eine weitere Stunde sp\u00e4ter gewesen sein, als er sich endlich total ersch\u00f6pft auf die Terrasse begab, sich auf seine Decke legte und wie ein Murmeltier schlief. Er war ungef\u00e4hr 5 Stunden damit besch\u00e4ftigt gewesen seinen Knochen zu bewachen. Das war nat\u00fcrlich sehr anstrengend und so verlie\u00df er den ganzen Nachmittag seinen Platz nicht mehr.<\/strong><\/p>\n<p><strong>Als er ausgeruht, am Abend, sich wieder davon \u00fcberzeugen wollte das sein Putenhals noch da ist, konnte er ihm nicht widerstehen. Gen\u00fcsslich legte sich in den Schnee und zerkaute ihn in aller Ruhe -sichtlich zufrieden mit seiner Strategie.<\/strong><\/p>\n<\/div><\/section>\n\n<style type=\"text\/css\" data-created_by=\"avia_inline_auto\" id=\"style-css-av-kv10rxfp-0a089500198e1108ee610f9ab12346cc\">\n.avia-image-container.av-kv10rxfp-0a089500198e1108ee610f9ab12346cc img.avia_image{\nbox-shadow:none;\n}\n.avia-image-container.av-kv10rxfp-0a089500198e1108ee610f9ab12346cc .av-image-caption-overlay-center{\ncolor:#ffffff;\n}\n<\/style>\n<div  class='avia-image-container av-kv10rxfp-0a089500198e1108ee610f9ab12346cc av-styling- avia-align-center  avia-builder-el-4  el_after_av_textblock  avia-builder-el-last '   itemprop=\"image\" itemscope=\"itemscope\" itemtype=\"https:\/\/schema.org\/ImageObject\" ><div class=\"avia-image-container-inner\"><div class=\"avia-image-overlay-wrap\"><img decoding=\"async\" class='wp-image-4783 avia-img-lazy-loading-not-4783 avia_image ' src=\"https:\/\/www.akita-nishi-no-mori.de\/wordpress\/wp-content\/uploads\/2021\/10\/haikan_versteck-500x332.jpg\" alt='' title=''  height=\"332\" width=\"500\"  itemprop=\"thumbnailUrl\" srcset=\"https:\/\/www.akita-nishi-no-mori.de\/wordpress\/wp-content\/uploads\/2021\/10\/haikan_versteck-500x332.jpg 500w, https:\/\/www.akita-nishi-no-mori.de\/wordpress\/wp-content\/uploads\/2021\/10\/haikan_versteck-1030x685.jpg 1030w, https:\/\/www.akita-nishi-no-mori.de\/wordpress\/wp-content\/uploads\/2021\/10\/haikan_versteck-768x511.jpg 768w, https:\/\/www.akita-nishi-no-mori.de\/wordpress\/wp-content\/uploads\/2021\/10\/haikan_versteck-1536x1021.jpg 1536w, https:\/\/www.akita-nishi-no-mori.de\/wordpress\/wp-content\/uploads\/2021\/10\/haikan_versteck-2048x1362.jpg 2048w, https:\/\/www.akita-nishi-no-mori.de\/wordpress\/wp-content\/uploads\/2021\/10\/haikan_versteck-1500x997.jpg 1500w, https:\/\/www.akita-nishi-no-mori.de\/wordpress\/wp-content\/uploads\/2021\/10\/haikan_versteck-705x469.jpg 705w\" sizes=\"(max-width: 500px) 100vw, 500px\" \/><\/div><\/div><\/div>\n","protected":false},"excerpt":{"rendered":"","protected":false},"author":1,"featured_media":0,"parent":0,"menu_order":0,"comment_status":"closed","ping_status":"closed","template":"","meta":[],"yoast_head":"<!-- This site is optimized with the Yoast SEO plugin v20.0 - https:\/\/yoast.com\/wordpress\/plugins\/seo\/ -->\n<title>Haikan&#039;s Versteckspiel - Akita Nishi No Mori<\/title>\n<meta name=\"robots\" content=\"index, follow, max-snippet:-1, max-image-preview:large, max-video-preview:-1\" \/>\n<link rel=\"canonical\" href=\"https:\/\/www.akita-nishi-no-mori.de\/wordpress\/haikans-versteckspiel\/\" \/>\n<meta property=\"og:locale\" content=\"de_DE\" \/>\n<meta property=\"og:type\" content=\"article\" \/>\n<meta property=\"og:title\" content=\"Haikan&#039;s Versteckspiel - Akita Nishi No Mori\" \/>\n<meta property=\"og:url\" content=\"https:\/\/www.akita-nishi-no-mori.de\/wordpress\/haikans-versteckspiel\/\" \/>\n<meta property=\"og:site_name\" content=\"Akita Nishi No Mori\" \/>\n<meta property=\"article:modified_time\" content=\"2021-10-21T14:08:28+00:00\" \/>\n<meta name=\"twitter:card\" content=\"summary_large_image\" \/>\n<meta name=\"twitter:label1\" content=\"Gesch\u00e4tzte Lesezeit\" \/>\n\t<meta name=\"twitter:data1\" content=\"4\u00a0Minuten\" \/>\n<script type=\"application\/ld+json\" class=\"yoast-schema-graph\">{\"@context\":\"https:\/\/schema.org\",\"@graph\":[{\"@type\":\"WebPage\",\"@id\":\"https:\/\/www.akita-nishi-no-mori.de\/wordpress\/haikans-versteckspiel\/\",\"url\":\"https:\/\/www.akita-nishi-no-mori.de\/wordpress\/haikans-versteckspiel\/\",\"name\":\"Haikan's Versteckspiel - Akita Nishi No Mori\",\"isPartOf\":{\"@id\":\"https:\/\/www.akita-nishi-no-mori.de\/wordpress\/#website\"},\"datePublished\":\"2021-10-21T12:45:34+00:00\",\"dateModified\":\"2021-10-21T14:08:28+00:00\",\"breadcrumb\":{\"@id\":\"https:\/\/www.akita-nishi-no-mori.de\/wordpress\/haikans-versteckspiel\/#breadcrumb\"},\"inLanguage\":\"de\",\"potentialAction\":[{\"@type\":\"ReadAction\",\"target\":[\"https:\/\/www.akita-nishi-no-mori.de\/wordpress\/haikans-versteckspiel\/\"]}]},{\"@type\":\"BreadcrumbList\",\"@id\":\"https:\/\/www.akita-nishi-no-mori.de\/wordpress\/haikans-versteckspiel\/#breadcrumb\",\"itemListElement\":[{\"@type\":\"ListItem\",\"position\":1,\"name\":\"Startseite\",\"item\":\"https:\/\/www.akita-nishi-no-mori.de\/wordpress\/transparent-header\/\"},{\"@type\":\"ListItem\",\"position\":2,\"name\":\"Haikan&#8217;s Versteckspiel\"}]},{\"@type\":\"WebSite\",\"@id\":\"https:\/\/www.akita-nishi-no-mori.de\/wordpress\/#website\",\"url\":\"https:\/\/www.akita-nishi-no-mori.de\/wordpress\/\",\"name\":\"Akita Nishi No Mori\",\"description\":\"Akita aus dem Westerwald\",\"potentialAction\":[{\"@type\":\"SearchAction\",\"target\":{\"@type\":\"EntryPoint\",\"urlTemplate\":\"https:\/\/www.akita-nishi-no-mori.de\/wordpress\/?s={search_term_string}\"},\"query-input\":\"required name=search_term_string\"}],\"inLanguage\":\"de\"}]}<\/script>\n<!-- \/ Yoast SEO plugin. -->","yoast_head_json":{"title":"Haikan's Versteckspiel - Akita Nishi No Mori","robots":{"index":"index","follow":"follow","max-snippet":"max-snippet:-1","max-image-preview":"max-image-preview:large","max-video-preview":"max-video-preview:-1"},"canonical":"https:\/\/www.akita-nishi-no-mori.de\/wordpress\/haikans-versteckspiel\/","og_locale":"de_DE","og_type":"article","og_title":"Haikan's Versteckspiel - Akita Nishi No Mori","og_url":"https:\/\/www.akita-nishi-no-mori.de\/wordpress\/haikans-versteckspiel\/","og_site_name":"Akita Nishi No Mori","article_modified_time":"2021-10-21T14:08:28+00:00","twitter_card":"summary_large_image","twitter_misc":{"Gesch\u00e4tzte Lesezeit":"4\u00a0Minuten"},"schema":{"@context":"https:\/\/schema.org","@graph":[{"@type":"WebPage","@id":"https:\/\/www.akita-nishi-no-mori.de\/wordpress\/haikans-versteckspiel\/","url":"https:\/\/www.akita-nishi-no-mori.de\/wordpress\/haikans-versteckspiel\/","name":"Haikan's Versteckspiel - Akita Nishi No Mori","isPartOf":{"@id":"https:\/\/www.akita-nishi-no-mori.de\/wordpress\/#website"},"datePublished":"2021-10-21T12:45:34+00:00","dateModified":"2021-10-21T14:08:28+00:00","breadcrumb":{"@id":"https:\/\/www.akita-nishi-no-mori.de\/wordpress\/haikans-versteckspiel\/#breadcrumb"},"inLanguage":"de","potentialAction":[{"@type":"ReadAction","target":["https:\/\/www.akita-nishi-no-mori.de\/wordpress\/haikans-versteckspiel\/"]}]},{"@type":"BreadcrumbList","@id":"https:\/\/www.akita-nishi-no-mori.de\/wordpress\/haikans-versteckspiel\/#breadcrumb","itemListElement":[{"@type":"ListItem","position":1,"name":"Startseite","item":"https:\/\/www.akita-nishi-no-mori.de\/wordpress\/transparent-header\/"},{"@type":"ListItem","position":2,"name":"Haikan&#8217;s Versteckspiel"}]},{"@type":"WebSite","@id":"https:\/\/www.akita-nishi-no-mori.de\/wordpress\/#website","url":"https:\/\/www.akita-nishi-no-mori.de\/wordpress\/","name":"Akita Nishi No Mori","description":"Akita aus dem Westerwald","potentialAction":[{"@type":"SearchAction","target":{"@type":"EntryPoint","urlTemplate":"https:\/\/www.akita-nishi-no-mori.de\/wordpress\/?s={search_term_string}"},"query-input":"required name=search_term_string"}],"inLanguage":"de"}]}},"_links":{"self":[{"href":"https:\/\/www.akita-nishi-no-mori.de\/wordpress\/wp-json\/wp\/v2\/pages\/4757"}],"collection":[{"href":"https:\/\/www.akita-nishi-no-mori.de\/wordpress\/wp-json\/wp\/v2\/pages"}],"about":[{"href":"https:\/\/www.akita-nishi-no-mori.de\/wordpress\/wp-json\/wp\/v2\/types\/page"}],"author":[{"embeddable":true,"href":"https:\/\/www.akita-nishi-no-mori.de\/wordpress\/wp-json\/wp\/v2\/users\/1"}],"replies":[{"embeddable":true,"href":"https:\/\/www.akita-nishi-no-mori.de\/wordpress\/wp-json\/wp\/v2\/comments?post=4757"}],"version-history":[{"count":12,"href":"https:\/\/www.akita-nishi-no-mori.de\/wordpress\/wp-json\/wp\/v2\/pages\/4757\/revisions"}],"predecessor-version":[{"id":4784,"href":"https:\/\/www.akita-nishi-no-mori.de\/wordpress\/wp-json\/wp\/v2\/pages\/4757\/revisions\/4784"}],"wp:attachment":[{"href":"https:\/\/www.akita-nishi-no-mori.de\/wordpress\/wp-json\/wp\/v2\/media?parent=4757"}],"curies":[{"name":"wp","href":"https:\/\/api.w.org\/{rel}","templated":true}]}}