{"id":4649,"date":"2021-10-15T12:26:31","date_gmt":"2021-10-15T10:26:31","guid":{"rendered":"https:\/\/www.akita-nishi-no-mori.de\/wordpress\/?page_id=4649"},"modified":"2021-10-20T16:40:57","modified_gmt":"2021-10-20T14:40:57","slug":"diagnose-netzhautabloesung","status":"publish","type":"page","link":"https:\/\/www.akita-nishi-no-mori.de\/wordpress\/diagnose-netzhautabloesung\/","title":{"rendered":"Diagnose: Netzhautabl\u00f6sung"},"content":{"rendered":"<div class='flex_column av-2ehb7d-0c3e50342c87d2ec6532551265e72a70 av_one_full  avia-builder-el-0  el_before_av_textblock  avia-builder-el-first  first flex_column_div '     ><style type=\"text\/css\" data-created_by=\"avia_inline_auto\" id=\"style-css-av-kus5yyx6-387d8acaa415c8fc62bcef58b10f6a09\">\n#top .av_textblock_section.av-kus5yyx6-387d8acaa415c8fc62bcef58b10f6a09 .avia_textblock{\nfont-size:22px;\ncolor:#7c3255;\n}\n<\/style>\n<section  class='av_textblock_section av-kus5yyx6-387d8acaa415c8fc62bcef58b10f6a09'  itemscope=\"itemscope\" itemtype=\"https:\/\/schema.org\/CreativeWork\" ><div class='avia_textblock av_inherit_color'  itemprop=\"text\" ><p style=\"text-align: center;\"><strong>\u00a0Loba&#8217;s Diagnose: Netzhautabl\u00f6sung<\/strong><\/p>\n<\/div><\/section><br \/>\n<section  class='av_textblock_section av-kusa4tfo-6e59b0d73b54c60e9dd4845ef279f741'  itemscope=\"itemscope\" itemtype=\"https:\/\/schema.org\/CreativeWork\" ><div class='avia_textblock'  itemprop=\"text\" ><\/div><\/section><br \/>\n\n<style type=\"text\/css\" data-created_by=\"avia_inline_auto\" id=\"style-css-av-kus86z7j-e3c3b28f5903a78983bc6fcdc7d2c6be\">\n#top .av_textblock_section.av-kus86z7j-e3c3b28f5903a78983bc6fcdc7d2c6be .avia_textblock{\nfont-size:14px;\ncolor:#000000;\n}\n<\/style>\n<section  class='av_textblock_section av-kus86z7j-e3c3b28f5903a78983bc6fcdc7d2c6be'  itemscope=\"itemscope\" itemtype=\"https:\/\/schema.org\/CreativeWork\" ><div class='avia_textblock av_inherit_color'  itemprop=\"text\" ><p><strong>Alles lief wie immer, als ich Mitte Januar merkte, dass Loba die Augen unverh\u00e4ltnism\u00e4\u00dfig gro\u00df aufriss wenn ich ihr ein Leckerli oder ein rohes H\u00fchnerteil gab. Da ich nicht allzu oft roh f\u00fcttere, schon ich dies anfangs einfach auf die Giert &#8211; merkte dann aber als es auch in anderen Situationen auftrat, dass noch etwas Anderes dahinter stecken musste. Gleich nach dem Wochenende wollte ich einen Termin beim Augenarzt machen&#8230;..<\/strong><\/p>\n<p><strong>Am Montagmorgen ging ich, wie \u00fcblich, den Feldweg bei uns entlang. Beide Hunde waren frei, schnuffelten und pinkelten &#8211; alles war soweit normal. Als ich unten am Feld ankam &#8211; ich war ungef\u00e4hr 150 m gelaufen -, schaute ich mich um und da stand Loba immer noch im oberen Teilst\u00fcck des Weges, lie\u00df die Rute h\u00e4ngen und schaute sich um, so als ob sie mich suchen w\u00fcrde &#8211; ich war da, ich stand unten am Weg !!!<\/strong><\/p>\n<p><strong>Durch mein rufen kam sie auf mich zu, lief aber vor mir in die falsche Richtung. Ich wusste sofort, irgendetwas stimmt nicht &#8211; sie sieht nichts mehr&#8230;. Schock &#8230;. Ich drehte um, lie\u00df die Hunde in den Garten und rief gleich bei einem DOK-Augenarzt an. 1 1\/4 Std. sp\u00e4ter war ich dort und er diagnostizierte eine Netzhautabl\u00f6sung, wahrscheinlich hervorgerufen durch eine Entz\u00fcndung. Was f\u00fcr ein erneuter Schock !!! Im Gespr\u00e4ch sagte er mir, das man bei einem Menschen eine Netzhautabl\u00f6sung lasern k\u00f6nne, beim Hund w\u00fcrde das jedoch noch in den Kinderschuhen stecken und sie w\u00fcrden in ihrer Praxis auch nicht mit dem Laser arbeiten. Ich solle aber auf jeden Fall ein Blutbild machen lassen. Auf meine Frage, ob man das nicht gleich machen k\u00f6nne antwortete er mir, ich solle das von der Haustier\u00e4rztin machen lassen, sie m\u00fcssten das Blut zum Labor senden (die Haustier\u00e4rztin allerdings auch !) In einem Nebensatz erw\u00e4hnte er auch, ohne Dringlichkeit, das Loba noch kardiologisch durchgecheckt werden sollte (nicht m\u00fcsste !!). Sie bekam hochdosiert Cortison, Antibiotika und Cortison Augentropfen. Durch das Gespr\u00e4ch mit den Augenarzt war f\u00fcr mich klar &#8211; Loba wird vollst\u00e4ndig erblinden und das best\u00e4tigte er mir auch. Ich kam aus dem Schockzustand nicht mehr raus &#8211; sie war zwar schon fast 10 Jahre alt, aber noch so agil, springt, l\u00e4uft mit mir, ist verspielt und tobt \u00fcber die Wiesen &#8211; das ist nun alles vorbei. Ich habe von jetzt auf gleich einen vom Verhalten her anderen Hund. Ich fuhr nach Hause und war erstmal wie gel\u00e4hmt, mir war kotz\u00fcbel und ich hatte f\u00fcrchterliche Magenkr\u00e4mpfe. Im Internet dar\u00fcber zu recherchieren war zu diesem Zeitpunkt f\u00fcr mich unm\u00f6glich.<\/strong><\/p>\n<p><strong>An Nachmittag machte ich mit den Beiden eine kleine Runde und traf unseren Nachbar, der dazu sagte &#8222;bei Menschen wird das gelasert&#8220;. Dieser Satz weckte meine Lebensgeister wieder und mein Weg f\u00fchrte mich sofort zum PC. Ich suchte mich durch, telefonierte mich durch und bekam von einer DOK-\u00c4rztin 3 Namen von Augen\u00e4rzten in Deutschland die Lasern, einen in Hamburg, einen in Berlin und einen in M\u00fcnchen. In Hamburg hatte ich schon angerufen, da war niemand mehr, denn es war mitterweile schon 17.30 Uhr. Da M\u00fcnchen f\u00fcr mich n\u00e4her ist als Berlin, rief ich in M\u00fcnchen an und&#8230;.. erreichte noch jemanden in der Praxis. Ich wurde mit einer \u00c4rztin verbunden, die sich ungef\u00e4hr 20 Min. Zeit f\u00fcr mich ahm, alles genau nachfragte und zum Schluss meinte, sie w\u00fcrde das gerne ihrem Chef \u00fcbergeben, weil ich doch eine weite Fahrstrecke h\u00e4tte und nicht mal eben in der Praxis hereinschauen kann. Wie ich im Nachhinein erfuhr, machte sie einen Eintrag in seinen PC, hing einen Zettel an die T\u00fcr und legte noch einen Zettel auf seinen Schreibtisch. Ich w\u00fcrde mal sagen, das ist nicht normal &#8211; oder !!?? Wie verbleiben so, dass sich ihr Chef mit meinem behandelnden Arzt in Verbindung setzt und er mich dann am n\u00e4chsten Tag bis mittags anruft.<\/strong><\/p>\n<p><strong>Nachdem ich mit ihr telefoniert hatte kamen mir jedoch erhebliche Zweifel bez\u00fcglich der Kommunikation der beiden \u00c4rzte, da konnte einiges schieflaufen und ich wollte am n\u00e4chsten Morgen gleich in M\u00fcnchen anrufen und fragen ob die Ersch\u00fctterungen der Fahrt sich negativ auswirken kann, denn ich war fest entschlossen, wenn es geht, nach M\u00fcnchen zu fahren, damit Dr. Fritsche sich Loba pers\u00f6nlich anschauen kann.<\/strong><\/p>\n<p><strong>Mittlerweile war es kurz vor 21 Uhr und ich schaute fern, als das Telefon klingelte. Ich ging ran und mich traf fast der Schlag, denn es war Dr. Fritsche, der zuf\u00e4llig noch einmal in die Praxis kam und die Zettel und Notizen in seinem PC sah. Ich beschrieb ihm die Situation und er sagte mir, dass er selbst den Hund sehen sollte um beurteilen zu k\u00f6nnen, ob man die Netzhaut lasern kann oder nicht und dass ein Transport kein gr\u00f6\u00dferes Problem bedeutet. Wir machten gleich einen Termin f\u00fcr den n\u00e4chsten Tag, Dienstag zwischen 15 und 16 Uhr.<\/strong><\/p>\n<p><strong>Als ich am Dienstagmorgen aufstand h\u00e4tte ich schon gleich losheulen k\u00f6nnen. Loba war Nachts umhergelaufen und in meinen Ankleidezimmer gelandet &#8211; dort war sie noch nie !! Sie kam bis zum Schrank und als sie nicht mehr weiterkam legte sie sich einfach hin.\u00a0 Ich fand sie mit dem Kopf an der Schrankt\u00fcr und als ich sie ansprach hob sie den Kopf, schaute irgendwo hin in die Luft und drehte die Ohren zu mir. Was f\u00fcr ein H\u00e4ufchen Elend &#8211; mir standen die Tr\u00e4nen in den Augen&#8230;.. Um 8 Uhr machte ich mich mit Haikan und Loba auf den Weg nach M\u00fcnchen. Wir kamen gegen 14 Uhr dort an und kurz vor 15 Uhr war ich in der Praxis. Dr. Fritsche, auch ein DOK&#8211;Augenarzt, begr\u00fc\u00dfte mich gleich und Fr. Dr. Spie\u00df (von Montag) machte die Voruntersuchungen. Dr. Fritsch kam dazu, schaute sich alles an und als soweit alles durch war, wurden die Pupillen weit gestellt. Danach ging&#8217;s erst richtig los. Untersuchungen von oben, unten, rechts und links &#8211; Dr. Fritsche, Fr. Dr. Spie\u00df und eine Hospitantin. Loba war klasse und hatte nichts zu meckern den sie gingen sehr behutsam mit ihr um, alle waren von ihr total begeistert !! &#8222;Und das f\u00fcr einen Akita&#8220; &#8211; waren ihre Worte.<\/strong><\/p>\n<p><strong>Resultat war, lasern ist kontraindiziert &#8211; also nichts damit&#8230; Da machte sich erstmal Entt\u00e4uschung breit. Aber dann ging&#8217;s weiter mit der Ursachenforschung (was der Gie\u00dfener DOK-Augenarzt am Vortag \u00fcberhaupt nicht getan hatte !). Er erkl\u00e4rte mir, dass die Ursache schnellstm\u00f6glich !! gefunden werden m\u00fcsse um einer vollst\u00e4ndigen Erblindung entgegenzuwirken. Ein ganz, ganz gro\u00dfer Faktor sei die Zeit !! Die Augen waren untersucht, jetzt ging es weiter. Ein weiterer Teil der Untersuchung war die Blutdruckmessung und zuerst dachte er, es k\u00f6nne nicht sein, denn der systolische (obere) Wert lag bei 180 und bei der 2. Messung dann bei 190 (der Blutdruck wird bei Hunden immer 5 mal gemessen). Das war die Ursache&#8230; uff, mir fiel ein kleiner Stein vom Herzen. Vielleicht hatte Loba ja doch noch eine Chance ihr Augenlicht zu gehalten.<\/strong><\/p>\n<p><strong>Ich bekam von Dr. Fritsche sofort ein blutdrucksenkendes Mittel, welches gleich in Loba&#8217;s Schnauze wanderte. Er wollte mir auch noch einen Termin bei Dr. Wendt, einem von uns beiden bekannten Kardiologen, ausmache, erreichte ihn aber leider nicht. Dann machte ich mich, nach 3 Stunden Praxisaufenthalt, auf den Weg nach N\u00fcrnberg, denn dort arbeitet und \u00fcbernachtete Detlef, mein Mann. Unterwegs organisierte ich mir \u00fcber 3 Ecken die Handynummer von Dr. Wendt &#8211; die hatte ich zwar zu Hause, aber ich brauchte sie jetzt ! Bei 3. Anlauf erreichte ich ihn und machte einen Termin f\u00fcr den n\u00e4chsten Tag &#8211; Mittwoch &#8211; mit ihm aus.<\/strong><\/p>\n<p><strong>Gleich morgens fuhr ich von N\u00fcrnberg nach Wetzlar zu Dr. Wendt und lie\u00df bei Loba einen Herzultraschall machen. Erste Diagnose, vom Herzen kommt der Bluthochdruck nicht. Der Blutdruck war bei Messung 150 : 80 (durch Medikation) und war somit im Normbereich (der liegt bei ca 140 : 80). Die Medikation wurde nicht ver\u00e4ndert.<\/strong><\/p>\n<p><strong>Am Freitag wurden von Fr. Dr. Wendt, die Augen\u00e4rztin ist, die Augen nochmal kontrolliert und Blut f\u00fcr die Laboruntersuchung genommen. Das Vertrauen zu der ersten DOK\u00a0 n\u00e4he Gie\u00dfen war dahin. 1. wurde dort der Blutdruck nicht gemessen (Dr. Fritsche war schon sehr erstaunt, dass der Kollege das nicht machte, sodass ich annehme, das es bei Netzhautabl\u00f6sungen zum Standard geh\u00f6rt) und 2., wenn er schon keinen Blutdruck gemessen hat, h\u00e4tte er mit Dringlichkeit auf diese Untersuchung hinweisen m\u00fcssen. Die Blutwerte w\u00e4ren auch viel aussagekr\u00e4ftiger gewesen, h\u00e4tte er sofort Blut abgenommen. Man selbst kann ja in selch einer Situation nicht mehr klar denken !!<\/strong><\/p>\n<p><strong>Die Beurteilung von Loba am Mittwoch, dem 3. Tag: Sie sah am Montag und Dienstag noch ein wenig &#8211; da es nicht viel war, riss sie die Augen immer noch sehr gro\u00df auf und schaute manchmal &#8222;durch&#8220; die Ohren. Sie hat sich meist an Haikan und\/oder mir orientiert. Beim Spaziergang am Mittwoch habe ich eine leichte Verbesserung gemerkt, sie riss die Augen nicht ehr so gro\u00df auf und lief selbstst\u00e4ndiger &#8211; war vor mir, hinter mir, hat geschnuffelt und kam angelaufen um ihr Leckerli zu nehmen. Bis auf ihr Temperament war an diesem 3. Tag alles wie bei einem (fast) normalen Spaziergang.<\/strong><\/p>\n<p><strong>Die Blutuntersuchung hat ergeben, dass die Schilddr\u00fcse trotz Medikation immer noch untertourig lief, hier wurde sie neu eingestellt.<\/strong><\/p>\n<p><strong>4 Wochen sp\u00e4ter lie\u00df ich in der Tierklinik in Birkenfeld (da hatte ich sowieso einen Termin bei Fr. Dr. Peters) wieder Blut untersuchen und es wurde ein Nierenultraschall (Nierenprobleme sind eine h\u00e4ufige Ursache f\u00fcr einen Bluthochdruck) gemacht. Dabei wurde festgestellt, dass eine Niere etwas gr\u00f6\u00dfer ist und leichte Verkalkungen aufweist &#8211; die Nierenwerte sind, na ja, nicht alle ver\u00e4ndert. Harnstoff, Kreatinin und Phosphat sind ok, aber speziellere Nierenwerte sind ver\u00e4ndert. Also bekommt sie eine Nierendi\u00e4t. Morgens hills k\/d und f\u00fcr Abends hab ich mir an dem &#8222;Lehrstuhr f\u00fcr Tierern\u00e4hrung und Di\u00e4tetik&#8220; in Oberschlei\u00dfheim einen Ern\u00e4hrungsplan f\u00fcr nierenkranke Hunde erstellen lassen, da ich abends gerne Flocken, Gem\u00fcse und Fleisch weiter f\u00fcttern m\u00f6chte.<\/strong><\/p>\n<p><strong>Weitere Augenuntersuchungen haben ergeben, dass sich alles wunderbar entwickelt hat, sie zwar eine Sehschw\u00e4che hat, dies sich aber im allt\u00e4glichen Leben \u00fcberhaupt nicht bemerkbar macht. Das Ganze musste auch eine positive Wendung nehmen ! Es waren so viele positive Zuf\u00e4lle, dass es wirklich mit dem Teufel h\u00e4tte zugehen m\u00fcssen, wenn wir das nicht auch positiv zu Ende gebracht h\u00e4tten.<\/strong><\/p>\n<p><strong>Ich schreibe das alles so ausf\u00fchrlich, um aufzuzeigen, dass man sich nicht immer auf die &#8222;G\u00f6tter in Wei\u00df&#8220; verlassen soll, sondern, besonders in Notf\u00e4llen, Eigeninitiative ergreifen und sich schlau machen soll. H\u00e4tte ich nicht gegooglet und telefoniert was das Zeug h\u00e4lt, h\u00e4tte man so schnell keine Ursache f\u00fcr die Netzhautabl\u00f6sung gefunden, denn man wollte ja erst mal abwarten wie sie auf das Cortison reagiert ! H\u00e4tte ich abgewartet, h\u00e4tte Loba wahrscheinlich keine Chance gehabt. Was n\u00fctzt das Cortison, wenn die Ursache nicht behoben ist. Sie h\u00e4tte ihr Augenlicht verloren&#8230;&#8230;.<\/strong><\/p>\n<p><strong>Bis zu ihrem Lebensende war ihr Blutdruck stabil, die Schilddr\u00fcsenwerte im mittleren Normbereich und die Nierenwerte ok, sodass wir nach einer bestimmten Zeit wieder ganz normal f\u00fcttern konnten.<\/strong><\/p>\n<p><strong>Fr. Dr. Wendt betonte immer wieder dass es erstaunlich ist, wie wenig sie an den Augen zur\u00fcckbehalten hat &#8211; einfach genial !!!<\/strong><\/p>\n<\/div><\/section><\/p><\/div>\n<style type=\"text\/css\" data-created_by=\"avia_inline_auto\" id=\"style-css-av-kus9k3jh-49a6dc7d301a83d509d7882efdd002f4\">\n#top .av_textblock_section.av-kus9k3jh-49a6dc7d301a83d509d7882efdd002f4 .avia_textblock{\ncolor:#7c3255;\n}\n<\/style>\n<section  class='av_textblock_section av-kus9k3jh-49a6dc7d301a83d509d7882efdd002f4'  itemscope=\"itemscope\" itemtype=\"https:\/\/schema.org\/CreativeWork\" ><div class='avia_textblock av_inherit_color'  itemprop=\"text\" ><p style=\"text-align: center;\"><strong>Und wenn bei euch irgendein Notfall eintritt (was Gott verhindern m\u00f6ge !!) erinnert euch an diese Zeilen und HANDELT !!!!!<\/strong><\/p>\n<p style=\"text-align: center;\"><strong>Helga\u00a0 &#038; Loba<\/strong><\/p>\n<\/div><\/section><\/p>\n\n<style type=\"text\/css\" data-created_by=\"avia_inline_auto\" id=\"style-css-av-kus9w3ox-d494d1dabc0692f5cbf07e1bc0229f5b\">\n.avia-image-container.av-kus9w3ox-d494d1dabc0692f5cbf07e1bc0229f5b img.avia_image{\nbox-shadow:none;\n}\n.avia-image-container.av-kus9w3ox-d494d1dabc0692f5cbf07e1bc0229f5b .av-image-caption-overlay-center{\ncolor:#ffffff;\n}\n<\/style>\n<div  class='avia-image-container av-kus9w3ox-d494d1dabc0692f5cbf07e1bc0229f5b av-styling- avia-align-center  avia-builder-el-5  el_after_av_textblock  avia-builder-el-last '   itemprop=\"image\" itemscope=\"itemscope\" itemtype=\"https:\/\/schema.org\/ImageObject\" ><div class=\"avia-image-container-inner\"><div class=\"avia-image-overlay-wrap\"><img decoding=\"async\" class='wp-image-4658 avia-img-lazy-loading-not-4658 avia_image ' src=\"https:\/\/www.akita-nishi-no-mori.de\/wordpress\/wp-content\/uploads\/2021\/10\/DSC_0145e-500x332.jpg\" alt='' title=''  height=\"332\" width=\"500\"  itemprop=\"thumbnailUrl\" srcset=\"https:\/\/www.akita-nishi-no-mori.de\/wordpress\/wp-content\/uploads\/2021\/10\/DSC_0145e-500x332.jpg 500w, https:\/\/www.akita-nishi-no-mori.de\/wordpress\/wp-content\/uploads\/2021\/10\/DSC_0145e-1030x684.jpg 1030w, https:\/\/www.akita-nishi-no-mori.de\/wordpress\/wp-content\/uploads\/2021\/10\/DSC_0145e-768x510.jpg 768w, https:\/\/www.akita-nishi-no-mori.de\/wordpress\/wp-content\/uploads\/2021\/10\/DSC_0145e-1536x1020.jpg 1536w, https:\/\/www.akita-nishi-no-mori.de\/wordpress\/wp-content\/uploads\/2021\/10\/DSC_0145e-2048x1360.jpg 2048w, https:\/\/www.akita-nishi-no-mori.de\/wordpress\/wp-content\/uploads\/2021\/10\/DSC_0145e-1500x996.jpg 1500w, https:\/\/www.akita-nishi-no-mori.de\/wordpress\/wp-content\/uploads\/2021\/10\/DSC_0145e-705x468.jpg 705w\" sizes=\"(max-width: 500px) 100vw, 500px\" \/><\/div><\/div><\/div>\n","protected":false},"excerpt":{"rendered":"","protected":false},"author":1,"featured_media":0,"parent":0,"menu_order":0,"comment_status":"closed","ping_status":"closed","template":"","meta":[],"yoast_head":"<!-- This site is optimized with the Yoast SEO plugin v20.0 - https:\/\/yoast.com\/wordpress\/plugins\/seo\/ -->\n<title>Diagnose: Netzhautabl\u00f6sung - Akita Nishi No Mori<\/title>\n<meta name=\"robots\" content=\"index, follow, max-snippet:-1, max-image-preview:large, max-video-preview:-1\" \/>\n<link rel=\"canonical\" href=\"https:\/\/www.akita-nishi-no-mori.de\/wordpress\/diagnose-netzhautabloesung\/\" \/>\n<meta property=\"og:locale\" content=\"de_DE\" \/>\n<meta property=\"og:type\" content=\"article\" \/>\n<meta property=\"og:title\" content=\"Diagnose: Netzhautabl\u00f6sung - Akita Nishi No Mori\" \/>\n<meta property=\"og:url\" content=\"https:\/\/www.akita-nishi-no-mori.de\/wordpress\/diagnose-netzhautabloesung\/\" \/>\n<meta property=\"og:site_name\" content=\"Akita Nishi No Mori\" \/>\n<meta property=\"article:modified_time\" content=\"2021-10-20T14:40:57+00:00\" \/>\n<meta name=\"twitter:card\" content=\"summary_large_image\" \/>\n<meta name=\"twitter:label1\" content=\"Gesch\u00e4tzte Lesezeit\" \/>\n\t<meta name=\"twitter:data1\" content=\"9\u00a0Minuten\" \/>\n<script type=\"application\/ld+json\" class=\"yoast-schema-graph\">{\"@context\":\"https:\/\/schema.org\",\"@graph\":[{\"@type\":\"WebPage\",\"@id\":\"https:\/\/www.akita-nishi-no-mori.de\/wordpress\/diagnose-netzhautabloesung\/\",\"url\":\"https:\/\/www.akita-nishi-no-mori.de\/wordpress\/diagnose-netzhautabloesung\/\",\"name\":\"Diagnose: Netzhautabl\u00f6sung - Akita Nishi No Mori\",\"isPartOf\":{\"@id\":\"https:\/\/www.akita-nishi-no-mori.de\/wordpress\/#website\"},\"datePublished\":\"2021-10-15T10:26:31+00:00\",\"dateModified\":\"2021-10-20T14:40:57+00:00\",\"breadcrumb\":{\"@id\":\"https:\/\/www.akita-nishi-no-mori.de\/wordpress\/diagnose-netzhautabloesung\/#breadcrumb\"},\"inLanguage\":\"de\",\"potentialAction\":[{\"@type\":\"ReadAction\",\"target\":[\"https:\/\/www.akita-nishi-no-mori.de\/wordpress\/diagnose-netzhautabloesung\/\"]}]},{\"@type\":\"BreadcrumbList\",\"@id\":\"https:\/\/www.akita-nishi-no-mori.de\/wordpress\/diagnose-netzhautabloesung\/#breadcrumb\",\"itemListElement\":[{\"@type\":\"ListItem\",\"position\":1,\"name\":\"Startseite\",\"item\":\"https:\/\/www.akita-nishi-no-mori.de\/wordpress\/transparent-header\/\"},{\"@type\":\"ListItem\",\"position\":2,\"name\":\"Diagnose: Netzhautabl\u00f6sung\"}]},{\"@type\":\"WebSite\",\"@id\":\"https:\/\/www.akita-nishi-no-mori.de\/wordpress\/#website\",\"url\":\"https:\/\/www.akita-nishi-no-mori.de\/wordpress\/\",\"name\":\"Akita Nishi No Mori\",\"description\":\"Akita aus dem Westerwald\",\"potentialAction\":[{\"@type\":\"SearchAction\",\"target\":{\"@type\":\"EntryPoint\",\"urlTemplate\":\"https:\/\/www.akita-nishi-no-mori.de\/wordpress\/?s={search_term_string}\"},\"query-input\":\"required name=search_term_string\"}],\"inLanguage\":\"de\"}]}<\/script>\n<!-- \/ Yoast SEO plugin. -->","yoast_head_json":{"title":"Diagnose: Netzhautabl\u00f6sung - Akita Nishi No Mori","robots":{"index":"index","follow":"follow","max-snippet":"max-snippet:-1","max-image-preview":"max-image-preview:large","max-video-preview":"max-video-preview:-1"},"canonical":"https:\/\/www.akita-nishi-no-mori.de\/wordpress\/diagnose-netzhautabloesung\/","og_locale":"de_DE","og_type":"article","og_title":"Diagnose: Netzhautabl\u00f6sung - Akita Nishi No Mori","og_url":"https:\/\/www.akita-nishi-no-mori.de\/wordpress\/diagnose-netzhautabloesung\/","og_site_name":"Akita Nishi No Mori","article_modified_time":"2021-10-20T14:40:57+00:00","twitter_card":"summary_large_image","twitter_misc":{"Gesch\u00e4tzte Lesezeit":"9\u00a0Minuten"},"schema":{"@context":"https:\/\/schema.org","@graph":[{"@type":"WebPage","@id":"https:\/\/www.akita-nishi-no-mori.de\/wordpress\/diagnose-netzhautabloesung\/","url":"https:\/\/www.akita-nishi-no-mori.de\/wordpress\/diagnose-netzhautabloesung\/","name":"Diagnose: Netzhautabl\u00f6sung - Akita Nishi No Mori","isPartOf":{"@id":"https:\/\/www.akita-nishi-no-mori.de\/wordpress\/#website"},"datePublished":"2021-10-15T10:26:31+00:00","dateModified":"2021-10-20T14:40:57+00:00","breadcrumb":{"@id":"https:\/\/www.akita-nishi-no-mori.de\/wordpress\/diagnose-netzhautabloesung\/#breadcrumb"},"inLanguage":"de","potentialAction":[{"@type":"ReadAction","target":["https:\/\/www.akita-nishi-no-mori.de\/wordpress\/diagnose-netzhautabloesung\/"]}]},{"@type":"BreadcrumbList","@id":"https:\/\/www.akita-nishi-no-mori.de\/wordpress\/diagnose-netzhautabloesung\/#breadcrumb","itemListElement":[{"@type":"ListItem","position":1,"name":"Startseite","item":"https:\/\/www.akita-nishi-no-mori.de\/wordpress\/transparent-header\/"},{"@type":"ListItem","position":2,"name":"Diagnose: Netzhautabl\u00f6sung"}]},{"@type":"WebSite","@id":"https:\/\/www.akita-nishi-no-mori.de\/wordpress\/#website","url":"https:\/\/www.akita-nishi-no-mori.de\/wordpress\/","name":"Akita Nishi No Mori","description":"Akita aus dem Westerwald","potentialAction":[{"@type":"SearchAction","target":{"@type":"EntryPoint","urlTemplate":"https:\/\/www.akita-nishi-no-mori.de\/wordpress\/?s={search_term_string}"},"query-input":"required name=search_term_string"}],"inLanguage":"de"}]}},"_links":{"self":[{"href":"https:\/\/www.akita-nishi-no-mori.de\/wordpress\/wp-json\/wp\/v2\/pages\/4649"}],"collection":[{"href":"https:\/\/www.akita-nishi-no-mori.de\/wordpress\/wp-json\/wp\/v2\/pages"}],"about":[{"href":"https:\/\/www.akita-nishi-no-mori.de\/wordpress\/wp-json\/wp\/v2\/types\/page"}],"author":[{"embeddable":true,"href":"https:\/\/www.akita-nishi-no-mori.de\/wordpress\/wp-json\/wp\/v2\/users\/1"}],"replies":[{"embeddable":true,"href":"https:\/\/www.akita-nishi-no-mori.de\/wordpress\/wp-json\/wp\/v2\/comments?post=4649"}],"version-history":[{"count":16,"href":"https:\/\/www.akita-nishi-no-mori.de\/wordpress\/wp-json\/wp\/v2\/pages\/4649\/revisions"}],"predecessor-version":[{"id":4717,"href":"https:\/\/www.akita-nishi-no-mori.de\/wordpress\/wp-json\/wp\/v2\/pages\/4649\/revisions\/4717"}],"wp:attachment":[{"href":"https:\/\/www.akita-nishi-no-mori.de\/wordpress\/wp-json\/wp\/v2\/media?parent=4649"}],"curies":[{"name":"wp","href":"https:\/\/api.w.org\/{rel}","templated":true}]}}