{"id":3713,"date":"2019-07-05T23:20:08","date_gmt":"2019-07-05T21:20:08","guid":{"rendered":"https:\/\/www.akita-nishi-no-mori.de\/wordpress\/?page_id=3713"},"modified":"2023-01-25T17:48:03","modified_gmt":"2023-01-25T16:48:03","slug":"zucht","status":"publish","type":"page","link":"https:\/\/www.akita-nishi-no-mori.de\/wordpress\/zucht\/","title":{"rendered":"Zucht"},"content":{"rendered":"\n<style type=\"text\/css\" data-created_by=\"avia_inline_auto\" id=\"style-css-av-jyu5t8vy-a192704280e3bf2e7e7412ed3cdaf74b\">\n.avia-image-container.av-jyu5t8vy-a192704280e3bf2e7e7412ed3cdaf74b img.avia_image{\nbox-shadow:none;\n}\n.avia-image-container.av-jyu5t8vy-a192704280e3bf2e7e7412ed3cdaf74b .av-image-caption-overlay-center{\ncolor:#ffffff;\n}\n<\/style>\n<div  class='avia-image-container av-jyu5t8vy-a192704280e3bf2e7e7412ed3cdaf74b av-styling- avia-align-center  avia-builder-el-0  el_before_av_hr  avia-builder-el-first '   itemprop=\"image\" itemscope=\"itemscope\" itemtype=\"https:\/\/schema.org\/ImageObject\" ><div class=\"avia-image-container-inner\"><div class=\"avia-image-overlay-wrap\"><a href=\"https:\/\/www.akita-nishi-no-mori.de\/wordpress\/zucht\/wichtiges\/\" class='avia_image' ><img decoding=\"async\" class='wp-image-3786 avia-img-lazy-loading-not-3786 avia_image ' src=\"https:\/\/www.akita-nishi-no-mori.de\/wordpress\/wp-content\/uploads\/2019\/08\/familie_n.n.m-500x333.jpg\" alt='' title=''  height=\"333\" width=\"500\"  itemprop=\"thumbnailUrl\" srcset=\"https:\/\/www.akita-nishi-no-mori.de\/wordpress\/wp-content\/uploads\/2019\/08\/familie_n.n.m-500x333.jpg 500w, https:\/\/www.akita-nishi-no-mori.de\/wordpress\/wp-content\/uploads\/2019\/08\/familie_n.n.m-450x299.jpg 450w, https:\/\/www.akita-nishi-no-mori.de\/wordpress\/wp-content\/uploads\/2019\/08\/familie_n.n.m.jpg 550w\" sizes=\"(max-width: 500px) 100vw, 500px\" \/><\/a><\/div><\/div><\/div>\n<div  class='hr av-35xdgx-9ada1300ad109c7a589a139038e88ce4 hr-default  avia-builder-el-1  el_after_av_image  el_before_av_textblock '><span class='hr-inner '><span class=\"hr-inner-style\"><\/span><\/span><\/div>\n\n<style type=\"text\/css\" data-created_by=\"avia_inline_auto\" id=\"style-css-av-jyu6ino3-41face11562ee7abab71a27c313446ab\">\n#top .av_textblock_section.av-jyu6ino3-41face11562ee7abab71a27c313446ab .avia_textblock{\ncolor:#7c3255;\n}\n<\/style>\n<section  class='av_textblock_section av-jyu6ino3-41face11562ee7abab71a27c313446ab'  itemscope=\"itemscope\" itemtype=\"https:\/\/schema.org\/CreativeWork\" ><div class='avia_textblock av_inherit_color'  itemprop=\"text\" ><h3><\/h3>\n<h3 style=\"text-align: center;\">Unser A-Wurf<\/h3>\n<p style=\"text-align: center;\"><strong>Am 30.12.2016 brachte Yoko zwei wundervolle Welpen zur Welt.<\/strong><br \/>\n<strong> Ein M\u00e4dchen und ein Junge.<\/strong><br \/>\n<strong> Maja &#038; Willi<\/strong><br \/>\n<strong> oder mit richtigem Namen<\/strong><br \/>\n<strong> Yui &#038; Anjiro<\/strong><br \/>\n<strong> Wir sind m\u00e4chtig stolz auf unseren kleinen A-Wurf<\/strong><\/p>\n<p style=\"text-align: center;\"><a style=\"font-size: 1.235em;\" href=\"https:\/\/www.akita-nishi-no-mori.de\/wordpress\/a-wurf\/\"><strong>Bilder<\/strong><\/a><\/p>\n<p style=\"text-align: center;\"><a style=\"font-size: 1.235em;\" href=\"https:\/\/www.akita-nishi-no-mori.de\/wordpress\/a-wurf-fotoshooting\/\"><strong>Fotoshooting Sabine Str\u00fcwer<\/strong><\/a><\/p>\n<\/div><\/section>\n\n<style type=\"text\/css\" data-created_by=\"avia_inline_auto\" id=\"style-css-av-jyu67aty-f5dc053786091d5fa1a8485840867ee9\">\n.avia-image-container.av-jyu67aty-f5dc053786091d5fa1a8485840867ee9 img.avia_image{\nbox-shadow:none;\n}\n.avia-image-container.av-jyu67aty-f5dc053786091d5fa1a8485840867ee9 .av-image-caption-overlay-center{\ncolor:#ffffff;\n}\n<\/style>\n<div  class='avia-image-container av-jyu67aty-f5dc053786091d5fa1a8485840867ee9 av-styling- avia-align-center  avia-builder-el-3  el_after_av_textblock  el_before_av_one_full '   itemprop=\"image\" itemscope=\"itemscope\" itemtype=\"https:\/\/schema.org\/ImageObject\" ><div class=\"avia-image-container-inner\"><div class=\"avia-image-overlay-wrap\"><img decoding=\"async\" class='wp-image-3787 avia-img-lazy-loading-not-3787 avia_image ' src=\"https:\/\/www.akita-nishi-no-mori.de\/wordpress\/wp-content\/uploads\/2019\/08\/sleep_a-500x273.png\" alt='' title=''  height=\"273\" width=\"500\"  itemprop=\"thumbnailUrl\" srcset=\"https:\/\/www.akita-nishi-no-mori.de\/wordpress\/wp-content\/uploads\/2019\/08\/sleep_a-500x273.png 500w, https:\/\/www.akita-nishi-no-mori.de\/wordpress\/wp-content\/uploads\/2019\/08\/sleep_a-450x246.png 450w, https:\/\/www.akita-nishi-no-mori.de\/wordpress\/wp-content\/uploads\/2019\/08\/sleep_a.png 648w\" sizes=\"(max-width: 500px) 100vw, 500px\" \/><\/div><\/div><\/div>\n\n<style type=\"text\/css\" data-created_by=\"avia_inline_auto\" id=\"style-css-av-36wipv-fe507d427e1e2155b653031679ac0739\">\n.flex_column.av-36wipv-fe507d427e1e2155b653031679ac0739{\n-webkit-border-radius:0px 0px 0px 0px;\n-moz-border-radius:0px 0px 0px 0px;\nborder-radius:0px 0px 0px 0px;\npadding:0px 0px 0px 0px;\n}\n<\/style>\n<div class='flex_column av-36wipv-fe507d427e1e2155b653031679ac0739 av_one_full  avia-builder-el-4  el_after_av_image  el_before_av_textblock  first flex_column_div av-zero-column-padding '     ><style type=\"text\/css\" data-created_by=\"avia_inline_auto\" id=\"style-css-av-jwwq1zcm-69d5bacc8a1b9eaaa973189c42e22048\">\n#top .av-special-heading.av-jwwq1zcm-69d5bacc8a1b9eaaa973189c42e22048{\npadding-bottom:10px;\n}\nbody .av-special-heading.av-jwwq1zcm-69d5bacc8a1b9eaaa973189c42e22048 .av-special-heading-tag .heading-char{\nfont-size:25px;\n}\n.av-special-heading.av-jwwq1zcm-69d5bacc8a1b9eaaa973189c42e22048 .av-subheading{\nfont-size:15px;\n}\n<\/style>\n<div  class='av-special-heading av-jwwq1zcm-69d5bacc8a1b9eaaa973189c42e22048 av-special-heading-h3  avia-builder-el-5  avia-builder-el-no-sibling '><h3 class='av-special-heading-tag'  itemprop=\"headline\"  >Zuchtziele<\/h3><div class=\"special-heading-border\"><div class=\"special-heading-inner-border\"><\/div><\/div><\/div><\/div>\n<section  class='av_textblock_section av-jwwq3dwy-306e7f6df8dc02945af6ebf45dfaa459'  itemscope=\"itemscope\" itemtype=\"https:\/\/schema.org\/CreativeWork\" ><div class='avia_textblock av_inherit_color'  itemprop=\"text\" ><p><strong>Seit 1988 bereichern Hunde der Rasse Akita unser Leben \u2013 aber erst jetzt mit Kenji und dann mit unserer Japanerin Yoko, reifte nach 25 Jahren der Gedanke in mir, auch zu z\u00fcchten.<\/strong><\/p>\n<p><strong>In den vergangenen Jahren habe ich durch etliche Seminare \u2013 die ich bis heute immer wieder besuche &#8211; reichlich Erfahrung in den verschiedensten Bereichen sammeln k\u00f6nnen. Ob das die Ern\u00e4hrung, \u00a0die Gesundheit, die Erziehung oder die Zucht ist \u2013 zu jedem Thema waren Seminare und Weiterbildungen dabei.<\/strong><\/p>\n<p><strong>Yoko ist f\u00fcr mich eine ideale Zuchth\u00fcndin \u2013 sie ist lieb und verschmu\u00dft, aber auch neugierig, kess und lebensfroh. Von Anfang an hatte sie \u201eHummeln im Hintern\u201c \u2013 so dass sie auch von mir den Spitznamen \u201eHummelchen\u201c bekam. Im Laufe der Zeit ist sie nat\u00fcrlich etwas ruhiger geworden \u2013 aber Power hat sie immer noch.<\/strong><\/p>\n<p><strong>Kenji unser Bube ist ein Traum von R\u00fcde. Cool und souver\u00e4n \u2013 mit einem Sozialverhalten von dem man nur tr\u00e4umen kann.<\/strong><\/p>\n<p><strong>Unser oberstes Zuchtziel ist es gesunde und charakterfeste, selbstbewusste und freundliche Welpen zu z\u00fcchten und sie mit viel Liebe und Erfahrung auf ihr zuk\u00fcnftiges Hundeleben vorzubereiten. Daher hat auch die Auswahl des Zuchtr\u00fcden h\u00f6chste Priorit\u00e4t f\u00fcr uns \u2013 Gesundheit, Aussehen und Charakter m\u00fcssen stimmen.<\/strong><\/p>\n<p><strong>Unsere Welpen werden im Wohnzimmer geboren und wachsen dort auf &#8211; haben von Anfang an einen engen Kontakt zu Menschen und werden auf die allt\u00e4glichen Dinge des Lebens gepr\u00e4gt. Mit Beginn der 5. Woche und bei entsprechendem Wetter, d\u00fcrfen sie auch unseren Garten und die neue Welt da drau\u00dfen ausgiebig erkunden. Dort gibt es viel zu entdecken \u2013 denn wir wohnen total l\u00e4ndlich und K\u00fche, Pferde und Katzen sind hier allt\u00e4glich, \u00a0aber auch Spazierg\u00e4nger, Auto\u2019s und Traktoren die am Grundst\u00fcck vorbeilaufen oder ~fahren k\u00f6nnen geh\u00f6ren dazu. Sie entwickeln sich inmitten von Familie, Hunden, Besucher-Kinder und was sonst noch alles dazu geh\u00f6rt und viel frischer Luft, denn Sozialkontakte zu Menschen und Hunden hat bei uns einen hohen Stellenwert! Autofahren und kleinere Ausfl\u00fcge geh\u00f6ren selbstverst\u00e4ndlich auch dazu.<\/strong><\/p>\n<p><strong>Die kleinen Pers\u00f6nlichkeiten werden sehr gut auf ihr Leben bei ihren neuen Besitzern vorbereitet sein. Mit Ihnen zusammen suchen wir die f\u00fcr Sie passende kleine Pers\u00f6nlichkeit aus, die Sie ab der 5. Woche auch besuchen d\u00fcrfen.<\/strong><\/p>\n<p><strong>Mit 8 Wochen werden die Welpen geimpft und gechipt und danach ist die Wurfabnahme durch einen erfahrenen Zuchtwart des Akita Club e.V. Die Abgabe der Welpen erfolgt nach der 9. Woche, da es f\u00fcr die Welpen stressig ist, geimpft und gechipt zu werden und die Wurfabnahme auch \u00a0noch ansteht. Nach dem ganzen Stre\u00df sollen sie sich noch einige Tage erholen und erst dann sind sie bereit f\u00fcr ihr neues Zuhause.<\/strong><\/p>\n<p><strong>Wir z\u00fcchten nach den Richtlinien des Akita Club e.V. im VHD\/FCI. \u00a0Die Welpen sind bei Abgabe geimpft, gechipt, entwurmt, die DNA ist hinterlegt und sie haben einen EU-Ausweis. Sie erhalten von uns eine Ahnentafel des Akita Club e.V., eine DNA-Karte der Universit\u00e4t Kassel und der Welpe ist ins Zuchbuch des Akita Club e.V. eingetragen. Nat\u00fcrlich geht auch ein reichhaltiges Starterpaket mit auf den Weg.<\/strong><\/p>\n<p><strong>Nachdem die Welpen ausgezogen sind, h\u00f6rt unsere Verantwortung nat\u00fcrlich nicht auf. Wir stehen Ihnen selbstverst\u00e4ndlich jederzeit mit Rat und Tat zur Seite\u00a0 und helfen und beraten Sie wo wir das nur k\u00f6nnen. Ein guter Kontakt zu den neuen Welpenbesitzern ist uns sehr wichtig, denn wir m\u00f6chten die Welpen aufwachsen und sich entwickeln sehen &#8211; ihr Wohlergehen liegt uns sehr am Herzen!<\/strong><\/p>\n<\/div><\/section>\n<div class='flex_column av-2g3dj5-876df956bf71d5a33a1f941f0ab6110a av_one_full  avia-builder-el-7  el_after_av_textblock  avia-builder-el-last  first flex_column_div column-top-margin'     ><style type=\"text\/css\" data-created_by=\"avia_inline_auto\" id=\"style-css-av-ldbs52xe-f0518c34d8e819d8bfc492dfb1e8f1a3\">\n.avia-image-container.av-ldbs52xe-f0518c34d8e819d8bfc492dfb1e8f1a3 img.avia_image{\nbox-shadow:none;\n}\n.avia-image-container.av-ldbs52xe-f0518c34d8e819d8bfc492dfb1e8f1a3 .av-image-caption-overlay-center{\ncolor:#ffffff;\n}\n<\/style>\n<div  class='avia-image-container av-ldbs52xe-f0518c34d8e819d8bfc492dfb1e8f1a3 av-styling- avia-align-center  avia-builder-el-8  avia-builder-el-no-sibling '   itemprop=\"image\" itemscope=\"itemscope\" itemtype=\"https:\/\/schema.org\/ImageObject\" ><div class=\"avia-image-container-inner\"><div class=\"avia-image-overlay-wrap\"><a href=\"https:\/\/www.akita-nishi-no-mori.de\/wordpress\/\" class='avia_image' ><img decoding=\"async\" class='wp-image-4458 avia-img-lazy-loading-not-4458 avia_image ' src=\"https:\/\/www.akita-nishi-no-mori.de\/wordpress\/wp-content\/uploads\/2020\/01\/back.gif\" alt='' title=''  height=\"67\" width=\"80\"  itemprop=\"thumbnailUrl\"  \/><\/a><\/div><\/div><\/div><\/div>\n","protected":false},"excerpt":{"rendered":"","protected":false},"author":1,"featured_media":0,"parent":0,"menu_order":0,"comment_status":"closed","ping_status":"closed","template":"","meta":[],"yoast_head":"<!-- This site is optimized with the Yoast SEO plugin v20.0 - https:\/\/yoast.com\/wordpress\/plugins\/seo\/ -->\n<title>Zucht - Akita Nishi No Mori<\/title>\n<meta name=\"robots\" content=\"index, follow, max-snippet:-1, max-image-preview:large, max-video-preview:-1\" \/>\n<link rel=\"canonical\" href=\"https:\/\/www.akita-nishi-no-mori.de\/wordpress\/zucht\/\" \/>\n<meta property=\"og:locale\" content=\"de_DE\" \/>\n<meta property=\"og:type\" content=\"article\" \/>\n<meta property=\"og:title\" content=\"Zucht - Akita Nishi No Mori\" \/>\n<meta property=\"og:url\" content=\"https:\/\/www.akita-nishi-no-mori.de\/wordpress\/zucht\/\" \/>\n<meta property=\"og:site_name\" content=\"Akita Nishi No Mori\" \/>\n<meta property=\"article:modified_time\" content=\"2023-01-25T16:48:03+00:00\" \/>\n<meta name=\"twitter:card\" content=\"summary_large_image\" \/>\n<meta name=\"twitter:label1\" content=\"Gesch\u00e4tzte Lesezeit\" \/>\n\t<meta name=\"twitter:data1\" content=\"6\u00a0Minuten\" \/>\n<script type=\"application\/ld+json\" class=\"yoast-schema-graph\">{\"@context\":\"https:\/\/schema.org\",\"@graph\":[{\"@type\":\"WebPage\",\"@id\":\"https:\/\/www.akita-nishi-no-mori.de\/wordpress\/zucht\/\",\"url\":\"https:\/\/www.akita-nishi-no-mori.de\/wordpress\/zucht\/\",\"name\":\"Zucht - Akita Nishi No Mori\",\"isPartOf\":{\"@id\":\"https:\/\/www.akita-nishi-no-mori.de\/wordpress\/#website\"},\"datePublished\":\"2019-07-05T21:20:08+00:00\",\"dateModified\":\"2023-01-25T16:48:03+00:00\",\"breadcrumb\":{\"@id\":\"https:\/\/www.akita-nishi-no-mori.de\/wordpress\/zucht\/#breadcrumb\"},\"inLanguage\":\"de\",\"potentialAction\":[{\"@type\":\"ReadAction\",\"target\":[\"https:\/\/www.akita-nishi-no-mori.de\/wordpress\/zucht\/\"]}]},{\"@type\":\"BreadcrumbList\",\"@id\":\"https:\/\/www.akita-nishi-no-mori.de\/wordpress\/zucht\/#breadcrumb\",\"itemListElement\":[{\"@type\":\"ListItem\",\"position\":1,\"name\":\"Startseite\",\"item\":\"https:\/\/www.akita-nishi-no-mori.de\/wordpress\/transparent-header\/\"},{\"@type\":\"ListItem\",\"position\":2,\"name\":\"Zucht\"}]},{\"@type\":\"WebSite\",\"@id\":\"https:\/\/www.akita-nishi-no-mori.de\/wordpress\/#website\",\"url\":\"https:\/\/www.akita-nishi-no-mori.de\/wordpress\/\",\"name\":\"Akita Nishi No Mori\",\"description\":\"Akita aus dem Westerwald\",\"potentialAction\":[{\"@type\":\"SearchAction\",\"target\":{\"@type\":\"EntryPoint\",\"urlTemplate\":\"https:\/\/www.akita-nishi-no-mori.de\/wordpress\/?s={search_term_string}\"},\"query-input\":\"required name=search_term_string\"}],\"inLanguage\":\"de\"}]}<\/script>\n<!-- \/ Yoast SEO plugin. -->","yoast_head_json":{"title":"Zucht - Akita Nishi No Mori","robots":{"index":"index","follow":"follow","max-snippet":"max-snippet:-1","max-image-preview":"max-image-preview:large","max-video-preview":"max-video-preview:-1"},"canonical":"https:\/\/www.akita-nishi-no-mori.de\/wordpress\/zucht\/","og_locale":"de_DE","og_type":"article","og_title":"Zucht - Akita Nishi No Mori","og_url":"https:\/\/www.akita-nishi-no-mori.de\/wordpress\/zucht\/","og_site_name":"Akita Nishi No Mori","article_modified_time":"2023-01-25T16:48:03+00:00","twitter_card":"summary_large_image","twitter_misc":{"Gesch\u00e4tzte Lesezeit":"6\u00a0Minuten"},"schema":{"@context":"https:\/\/schema.org","@graph":[{"@type":"WebPage","@id":"https:\/\/www.akita-nishi-no-mori.de\/wordpress\/zucht\/","url":"https:\/\/www.akita-nishi-no-mori.de\/wordpress\/zucht\/","name":"Zucht - Akita Nishi No Mori","isPartOf":{"@id":"https:\/\/www.akita-nishi-no-mori.de\/wordpress\/#website"},"datePublished":"2019-07-05T21:20:08+00:00","dateModified":"2023-01-25T16:48:03+00:00","breadcrumb":{"@id":"https:\/\/www.akita-nishi-no-mori.de\/wordpress\/zucht\/#breadcrumb"},"inLanguage":"de","potentialAction":[{"@type":"ReadAction","target":["https:\/\/www.akita-nishi-no-mori.de\/wordpress\/zucht\/"]}]},{"@type":"BreadcrumbList","@id":"https:\/\/www.akita-nishi-no-mori.de\/wordpress\/zucht\/#breadcrumb","itemListElement":[{"@type":"ListItem","position":1,"name":"Startseite","item":"https:\/\/www.akita-nishi-no-mori.de\/wordpress\/transparent-header\/"},{"@type":"ListItem","position":2,"name":"Zucht"}]},{"@type":"WebSite","@id":"https:\/\/www.akita-nishi-no-mori.de\/wordpress\/#website","url":"https:\/\/www.akita-nishi-no-mori.de\/wordpress\/","name":"Akita Nishi No Mori","description":"Akita aus dem Westerwald","potentialAction":[{"@type":"SearchAction","target":{"@type":"EntryPoint","urlTemplate":"https:\/\/www.akita-nishi-no-mori.de\/wordpress\/?s={search_term_string}"},"query-input":"required name=search_term_string"}],"inLanguage":"de"}]}},"_links":{"self":[{"href":"https:\/\/www.akita-nishi-no-mori.de\/wordpress\/wp-json\/wp\/v2\/pages\/3713"}],"collection":[{"href":"https:\/\/www.akita-nishi-no-mori.de\/wordpress\/wp-json\/wp\/v2\/pages"}],"about":[{"href":"https:\/\/www.akita-nishi-no-mori.de\/wordpress\/wp-json\/wp\/v2\/types\/page"}],"author":[{"embeddable":true,"href":"https:\/\/www.akita-nishi-no-mori.de\/wordpress\/wp-json\/wp\/v2\/users\/1"}],"replies":[{"embeddable":true,"href":"https:\/\/www.akita-nishi-no-mori.de\/wordpress\/wp-json\/wp\/v2\/comments?post=3713"}],"version-history":[{"count":33,"href":"https:\/\/www.akita-nishi-no-mori.de\/wordpress\/wp-json\/wp\/v2\/pages\/3713\/revisions"}],"predecessor-version":[{"id":5303,"href":"https:\/\/www.akita-nishi-no-mori.de\/wordpress\/wp-json\/wp\/v2\/pages\/3713\/revisions\/5303"}],"wp:attachment":[{"href":"https:\/\/www.akita-nishi-no-mori.de\/wordpress\/wp-json\/wp\/v2\/media?parent=3713"}],"curies":[{"name":"wp","href":"https:\/\/api.w.org\/{rel}","templated":true}]}}